{"id":1303,"date":"2024-07-22T20:43:36","date_gmt":"2024-07-22T17:43:36","guid":{"rendered":"https:\/\/houseintimates.com\/?post_type=product&#038;p=1303"},"modified":"2024-08-27T10:34:21","modified_gmt":"2024-08-27T07:34:21","slug":"freedom-lininiai-marskiniai-ir-kelnes-baltos-spalvos","status":"publish","type":"product","link":"https:\/\/houseintimates.com\/en\/product\/freedom-lininiai-marskiniai-ir-kelnes-baltos-spalvos\/","title":{"rendered":"\u201eFREEDOM\u201c lininiai mar\u0161kiniai ir keln\u0117s baltos spalvos"},"content":{"rendered":"<p style=\"font-weight: 400;\"><strong>\u201eD\u0117v\u0117ti laisvesn\u0119 sav\u0119s versij\u0105\u2026 \u012emanoma.\u201d<\/strong><\/p>\n<p><span style=\"font-weight: 400;\">Pajusk totali\u0105 laisv\u0119 su nat\u016bralaus lino judesi\u0173 nevar\u017ean\u010diais mar\u0161kiniais. J\u016br\u0105 menantys akcentai \u2013 kriaukli\u0173 sagos, kurios primins \u0161iltas ner\u016bpesting\u0173 dien\u0173 akimirkas\u2026<\/span><\/p>","protected":false},"excerpt":{"rendered":"<p><strong>Mar\u0161kiniai<\/strong><\/p>\n<ul>\n<li>Laisvo kritimo mar\u0161kiniai<\/li>\n<li>Prabangus, nepersi\u0161vie\u010diantis nat\u016bralus linas<\/li>\n<li>Prailgintos rankov\u0117s suteikia jaukumo jausm\u0105, o jas atraitojus laikosi stabiliai ir nekrinta \u017eemyn<\/li>\n<li>Rankov\u0117s pla\u010dios, nevar\u017eo judesi\u0173<\/li>\n<li>Kriauklin\u0117s sagos<\/li>\n<li>Didel\u0117s ki\u0161en\u0117s<\/li>\n<\/ul>\n<p><strong>Dyd\u017eiai:<\/strong> XS\/S atitinka 34-38, M &#8211; 40, L &#8211; 42-44, XL- 46 dyd\u017eius. <strong>Prie\u017ei\u016bra: <\/strong>rekomenduojama skalbti rankomis arba vilnos programa 30%. <strong>Composition:<\/strong> 100% linas. Modelis vilki M dyd\u017eio mar\u0161kinius.<\/p>\n<p><strong>Keln\u0117s<\/strong><\/p>\n<ul>\n<li>Prabangus, nepersi\u0161vie\u010diantis nat\u016bralus linas<\/li>\n<li>Kelni\u0173 ilgis &#8211; 105 cm<\/li>\n<li>Keln\u0117s pla\u010dios, nevar\u017eo judesi\u0173<\/li>\n<li>Liemuo pasi\u016btas su guma, puikiai prisitaiko prie k\u016bno linij\u0173<\/li>\n<li>Talpios ki\u0161en\u0117s<\/li>\n<li>Keln\u0117se esant\u012f dir\u017e\u0105 galima i\u0161verti<\/li>\n<\/ul>\n<p><strong>Dyd\u017eiai:<\/strong> XS\/S atitinka 34-38, M &#8211; 40, L &#8211; 42-44, XL- 46 dyd\u017eius. <strong>Prie\u017ei\u016bra: <\/strong>rekomenduojama skalbti rankomis arba vilnos programa 30%. <strong>Composition:<\/strong> 100% linas. Modelis vilki S dyd\u017eio kelnes.<\/p>","protected":false},"featured_media":1163,"comment_status":"open","ping_status":"closed","template":"","meta":{"_acf_changed":false,"_glsr_average":0,"_glsr_ranking":0,"_glsr_reviews":0},"product_cat":[105],"product_tag":[],"class_list":{"0":"post-1303","1":"product","2":"type-product","3":"status-publish","4":"has-post-thumbnail","6":"product_cat-kelniu-ir-marskiniu-komplektai","8":"first","9":"instock","10":"taxable","11":"shipping-taxable","12":"purchasable","13":"product-type-woosb"},"acf":[],"yoast_head":"<!-- This site is optimized with the Yoast SEO plugin v23.9 - https:\/\/yoast.com\/wordpress\/plugins\/seo\/ -->\n<title>\u201eFREEDOM\u201c lininiai mar\u0161kiniai ir keln\u0117s baltos spalvos<\/title>\n<meta name=\"robots\" content=\"index, follow, max-snippet:-1, max-image-preview:large, max-video-preview:-1\" \/>\n<link rel=\"canonical\" href=\"https:\/\/houseintimates.com\/en\/product\/freedom-lininiai-marskiniai-ir-kelnes-baltos-spalvos\/\" \/>\n<meta property=\"og:locale\" content=\"en_US\" \/>\n<meta property=\"og:type\" content=\"article\" \/>\n<meta property=\"og:title\" content=\"\u201eFREEDOM\u201c lininiai mar\u0161kiniai ir keln\u0117s baltos spalvos\" \/>\n<meta property=\"og:description\" content=\"Mar\u0161kiniai   Laisvo kritimo mar\u0161kiniai  Prabangus, nepersi\u0161vie\u010diantis nat\u016bralus linas  Prailgintos rankov\u0117s suteikia jaukumo jausm\u0105, o jas atraitojus laikosi stabiliai ir nekrinta \u017eemyn  Rankov\u0117s pla\u010dios, nevar\u017eo judesi\u0173  Kriauklin\u0117s sagos  Didel\u0117s ki\u0161en\u0117s  Dyd\u017eiai: XS\/S atitinka 34-38, M - 40, L - 42-44, XL- 46 dyd\u017eius. Prie\u017ei\u016bra: rekomenduojama skalbti rankomis arba vilnos programa 30%. Sud\u0117tis: 100% linas. Modelis vilki M dyd\u017eio mar\u0161kinius.  Keln\u0117s   Prabangus, nepersi\u0161vie\u010diantis nat\u016bralus linas  Kelni\u0173 ilgis - 105 cm  Keln\u0117s pla\u010dios, nevar\u017eo judesi\u0173  Liemuo pasi\u016btas su guma, puikiai prisitaiko prie k\u016bno linij\u0173  Talpios ki\u0161en\u0117s  Keln\u0117se esant\u012f dir\u017e\u0105 galima i\u0161verti  Dyd\u017eiai: XS\/S atitinka 34-38, M - 40, L - 42-44, XL- 46 dyd\u017eius. Prie\u017ei\u016bra: rekomenduojama skalbti rankomis arba vilnos programa 30%. Sud\u0117tis: 100% linas. Modelis vilki S dyd\u017eio kelnes.\" \/>\n<meta property=\"og:url\" content=\"https:\/\/houseintimates.com\/en\/product\/freedom-lininiai-marskiniai-ir-kelnes-baltos-spalvos\/\" \/>\n<meta property=\"og:site_name\" content=\"House of Intimates\" \/>\n<meta property=\"article:modified_time\" content=\"2024-08-27T07:34:21+00:00\" \/>\n<meta property=\"og:image\" content=\"https:\/\/houseintimates.com\/wp-content\/uploads\/B49A9454.jpg\" \/>\n\t<meta property=\"og:image:width\" content=\"1667\" \/>\n\t<meta property=\"og:image:height\" content=\"2500\" \/>\n\t<meta property=\"og:image:type\" content=\"image\/jpeg\" \/>\n<meta name=\"twitter:card\" content=\"summary_large_image\" \/>\n<meta name=\"twitter:label1\" content=\"Est. reading time\" \/>\n\t<meta name=\"twitter:data1\" content=\"1 minute\" \/>\n<script type=\"application\/ld+json\" class=\"yoast-schema-graph\">{\"@context\":\"https:\/\/schema.org\",\"@graph\":[{\"@type\":\"WebPage\",\"@id\":\"https:\/\/houseintimates.com\/produktas\/freedom-lininiai-marskiniai-ir-kelnes-baltos-spalvos\/\",\"url\":\"https:\/\/houseintimates.com\/produktas\/freedom-lininiai-marskiniai-ir-kelnes-baltos-spalvos\/\",\"name\":\"\u201eFREEDOM\u201c lininiai mar\u0161kiniai ir keln\u0117s baltos spalvos\",\"isPartOf\":{\"@id\":\"https:\/\/houseintimates.com\/#website\"},\"primaryImageOfPage\":{\"@id\":\"https:\/\/houseintimates.com\/produktas\/freedom-lininiai-marskiniai-ir-kelnes-baltos-spalvos\/#primaryimage\"},\"image\":{\"@id\":\"https:\/\/houseintimates.com\/produktas\/freedom-lininiai-marskiniai-ir-kelnes-baltos-spalvos\/#primaryimage\"},\"thumbnailUrl\":\"https:\/\/houseintimates.com\/wp-content\/uploads\/B49A9454.jpg\",\"datePublished\":\"2024-07-22T17:43:36+00:00\",\"dateModified\":\"2024-08-27T07:34:21+00:00\",\"breadcrumb\":{\"@id\":\"https:\/\/houseintimates.com\/produktas\/freedom-lininiai-marskiniai-ir-kelnes-baltos-spalvos\/#breadcrumb\"},\"inLanguage\":\"en-US\",\"potentialAction\":[{\"@type\":\"ReadAction\",\"target\":[\"https:\/\/houseintimates.com\/produktas\/freedom-lininiai-marskiniai-ir-kelnes-baltos-spalvos\/\"]}]},{\"@type\":\"ImageObject\",\"inLanguage\":\"en-US\",\"@id\":\"https:\/\/houseintimates.com\/produktas\/freedom-lininiai-marskiniai-ir-kelnes-baltos-spalvos\/#primaryimage\",\"url\":\"https:\/\/houseintimates.com\/wp-content\/uploads\/B49A9454.jpg\",\"contentUrl\":\"https:\/\/houseintimates.com\/wp-content\/uploads\/B49A9454.jpg\",\"width\":1667,\"height\":2500},{\"@type\":\"BreadcrumbList\",\"@id\":\"https:\/\/houseintimates.com\/produktas\/freedom-lininiai-marskiniai-ir-kelnes-baltos-spalvos\/#breadcrumb\",\"itemListElement\":[{\"@type\":\"ListItem\",\"position\":1,\"name\":\"Home\",\"item\":\"https:\/\/houseintimates.com\/\"},{\"@type\":\"ListItem\",\"position\":2,\"name\":\"Catalogue\",\"item\":\"https:\/\/houseintimates.com\/catalogue\/\"},{\"@type\":\"ListItem\",\"position\":3,\"name\":\"\u201eFREEDOM\u201c lininiai mar\u0161kiniai ir keln\u0117s baltos spalvos\"}]},{\"@type\":\"WebSite\",\"@id\":\"https:\/\/houseintimates.com\/#website\",\"url\":\"https:\/\/houseintimates.com\/\",\"name\":\"House of Intimates\",\"description\":\"\",\"publisher\":{\"@id\":\"https:\/\/houseintimates.com\/#organization\"},\"potentialAction\":[{\"@type\":\"SearchAction\",\"target\":{\"@type\":\"EntryPoint\",\"urlTemplate\":\"https:\/\/houseintimates.com\/?s={search_term_string}\"},\"query-input\":{\"@type\":\"PropertyValueSpecification\",\"valueRequired\":true,\"valueName\":\"search_term_string\"}}],\"inLanguage\":\"en-US\"},{\"@type\":\"Organization\",\"@id\":\"https:\/\/houseintimates.com\/#organization\",\"name\":\"House of Intimates\",\"url\":\"https:\/\/houseintimates.com\/\",\"logo\":{\"@type\":\"ImageObject\",\"inLanguage\":\"en-US\",\"@id\":\"https:\/\/houseintimates.com\/#\/schema\/logo\/image\/\",\"url\":\"https:\/\/houseintimates.com\/wp-content\/uploads\/Screenshot-2022-11-14-at-00.00.03-e1669064176597.png\",\"contentUrl\":\"https:\/\/houseintimates.com\/wp-content\/uploads\/Screenshot-2022-11-14-at-00.00.03-e1669064176597.png\",\"width\":899,\"height\":899,\"caption\":\"House of Intimates\"},\"image\":{\"@id\":\"https:\/\/houseintimates.com\/#\/schema\/logo\/image\/\"}}]}<\/script>\n<!-- \/ Yoast SEO plugin. -->","yoast_head_json":{"title":"\u201eFREEDOM\u201c lininiai mar\u0161kiniai ir keln\u0117s baltos spalvos","robots":{"index":"index","follow":"follow","max-snippet":"max-snippet:-1","max-image-preview":"max-image-preview:large","max-video-preview":"max-video-preview:-1"},"canonical":"https:\/\/houseintimates.com\/en\/product\/freedom-lininiai-marskiniai-ir-kelnes-baltos-spalvos\/","og_locale":"en_US","og_type":"article","og_title":"\u201eFREEDOM\u201c lininiai mar\u0161kiniai ir keln\u0117s baltos spalvos","og_description":"Mar\u0161kiniai   Laisvo kritimo mar\u0161kiniai  Prabangus, nepersi\u0161vie\u010diantis nat\u016bralus linas  Prailgintos rankov\u0117s suteikia jaukumo jausm\u0105, o jas atraitojus laikosi stabiliai ir nekrinta \u017eemyn  Rankov\u0117s pla\u010dios, nevar\u017eo judesi\u0173  Kriauklin\u0117s sagos  Didel\u0117s ki\u0161en\u0117s  Dyd\u017eiai: XS\/S atitinka 34-38, M - 40, L - 42-44, XL- 46 dyd\u017eius. Prie\u017ei\u016bra: rekomenduojama skalbti rankomis arba vilnos programa 30%. Sud\u0117tis: 100% linas. Modelis vilki M dyd\u017eio mar\u0161kinius.  Keln\u0117s   Prabangus, nepersi\u0161vie\u010diantis nat\u016bralus linas  Kelni\u0173 ilgis - 105 cm  Keln\u0117s pla\u010dios, nevar\u017eo judesi\u0173  Liemuo pasi\u016btas su guma, puikiai prisitaiko prie k\u016bno linij\u0173  Talpios ki\u0161en\u0117s  Keln\u0117se esant\u012f dir\u017e\u0105 galima i\u0161verti  Dyd\u017eiai: XS\/S atitinka 34-38, M - 40, L - 42-44, XL- 46 dyd\u017eius. Prie\u017ei\u016bra: rekomenduojama skalbti rankomis arba vilnos programa 30%. Sud\u0117tis: 100% linas. Modelis vilki S dyd\u017eio kelnes.","og_url":"https:\/\/houseintimates.com\/en\/product\/freedom-lininiai-marskiniai-ir-kelnes-baltos-spalvos\/","og_site_name":"House of Intimates","article_modified_time":"2024-08-27T07:34:21+00:00","og_image":[{"width":1667,"height":2500,"url":"https:\/\/houseintimates.com\/wp-content\/uploads\/B49A9454.jpg","type":"image\/jpeg"}],"twitter_card":"summary_large_image","twitter_misc":{"Est. reading time":"1 minute"},"schema":{"@context":"https:\/\/schema.org","@graph":[{"@type":"WebPage","@id":"https:\/\/houseintimates.com\/produktas\/freedom-lininiai-marskiniai-ir-kelnes-baltos-spalvos\/","url":"https:\/\/houseintimates.com\/produktas\/freedom-lininiai-marskiniai-ir-kelnes-baltos-spalvos\/","name":"\u201eFREEDOM\u201c lininiai mar\u0161kiniai ir keln\u0117s baltos spalvos","isPartOf":{"@id":"https:\/\/houseintimates.com\/#website"},"primaryImageOfPage":{"@id":"https:\/\/houseintimates.com\/produktas\/freedom-lininiai-marskiniai-ir-kelnes-baltos-spalvos\/#primaryimage"},"image":{"@id":"https:\/\/houseintimates.com\/produktas\/freedom-lininiai-marskiniai-ir-kelnes-baltos-spalvos\/#primaryimage"},"thumbnailUrl":"https:\/\/houseintimates.com\/wp-content\/uploads\/B49A9454.jpg","datePublished":"2024-07-22T17:43:36+00:00","dateModified":"2024-08-27T07:34:21+00:00","breadcrumb":{"@id":"https:\/\/houseintimates.com\/produktas\/freedom-lininiai-marskiniai-ir-kelnes-baltos-spalvos\/#breadcrumb"},"inLanguage":"en-US","potentialAction":[{"@type":"ReadAction","target":["https:\/\/houseintimates.com\/produktas\/freedom-lininiai-marskiniai-ir-kelnes-baltos-spalvos\/"]}]},{"@type":"ImageObject","inLanguage":"en-US","@id":"https:\/\/houseintimates.com\/produktas\/freedom-lininiai-marskiniai-ir-kelnes-baltos-spalvos\/#primaryimage","url":"https:\/\/houseintimates.com\/wp-content\/uploads\/B49A9454.jpg","contentUrl":"https:\/\/houseintimates.com\/wp-content\/uploads\/B49A9454.jpg","width":1667,"height":2500},{"@type":"BreadcrumbList","@id":"https:\/\/houseintimates.com\/produktas\/freedom-lininiai-marskiniai-ir-kelnes-baltos-spalvos\/#breadcrumb","itemListElement":[{"@type":"ListItem","position":1,"name":"Home","item":"https:\/\/houseintimates.com\/"},{"@type":"ListItem","position":2,"name":"Catalogue","item":"https:\/\/houseintimates.com\/catalogue\/"},{"@type":"ListItem","position":3,"name":"\u201eFREEDOM\u201c lininiai mar\u0161kiniai ir keln\u0117s baltos spalvos"}]},{"@type":"WebSite","@id":"https:\/\/houseintimates.com\/#website","url":"https:\/\/houseintimates.com\/","name":"House of Intimates","description":"","publisher":{"@id":"https:\/\/houseintimates.com\/#organization"},"potentialAction":[{"@type":"SearchAction","target":{"@type":"EntryPoint","urlTemplate":"https:\/\/houseintimates.com\/?s={search_term_string}"},"query-input":{"@type":"PropertyValueSpecification","valueRequired":true,"valueName":"search_term_string"}}],"inLanguage":"en-US"},{"@type":"Organization","@id":"https:\/\/houseintimates.com\/#organization","name":"House of Intimates","url":"https:\/\/houseintimates.com\/","logo":{"@type":"ImageObject","inLanguage":"en-US","@id":"https:\/\/houseintimates.com\/#\/schema\/logo\/image\/","url":"https:\/\/houseintimates.com\/wp-content\/uploads\/Screenshot-2022-11-14-at-00.00.03-e1669064176597.png","contentUrl":"https:\/\/houseintimates.com\/wp-content\/uploads\/Screenshot-2022-11-14-at-00.00.03-e1669064176597.png","width":899,"height":899,"caption":"House of Intimates"},"image":{"@id":"https:\/\/houseintimates.com\/#\/schema\/logo\/image\/"}}]}},"_links":{"self":[{"href":"https:\/\/houseintimates.com\/en\/wp-json\/wp\/v2\/product\/1303","targetHints":{"allow":["GET"]}}],"collection":[{"href":"https:\/\/houseintimates.com\/en\/wp-json\/wp\/v2\/product"}],"about":[{"href":"https:\/\/houseintimates.com\/en\/wp-json\/wp\/v2\/types\/product"}],"replies":[{"embeddable":true,"href":"https:\/\/houseintimates.com\/en\/wp-json\/wp\/v2\/comments?post=1303"}],"wp:featuredmedia":[{"embeddable":true,"href":"https:\/\/houseintimates.com\/en\/wp-json\/wp\/v2\/media\/1163"}],"wp:attachment":[{"href":"https:\/\/houseintimates.com\/en\/wp-json\/wp\/v2\/media?parent=1303"}],"wp:term":[{"taxonomy":"product_cat","embeddable":true,"href":"https:\/\/houseintimates.com\/en\/wp-json\/wp\/v2\/product_cat?post=1303"},{"taxonomy":"product_tag","embeddable":true,"href":"https:\/\/houseintimates.com\/en\/wp-json\/wp\/v2\/product_tag?post=1303"}],"curies":[{"name":"wp","href":"https:\/\/api.w.org\/{rel}","templated":true}]}}